{"id":10696,"date":"2026-01-17T19:11:41","date_gmt":"2026-01-17T18:11:41","guid":{"rendered":"https:\/\/www.pfotenstark-academy.at\/?page_id=10696"},"modified":"2026-04-14T18:58:49","modified_gmt":"2026-04-14T16:58:49","slug":"impressum","status":"publish","type":"page","link":"https:\/\/www.pfotenstark-academy.at\/?page_id=10696","title":{"rendered":"Impressum"},"content":{"rendered":"\t\t<div data-elementor-type=\"wp-page\" data-elementor-id=\"10696\" class=\"elementor elementor-10696\">\n\t\t\t\t<div class=\"elementor-element elementor-element-758141f e-flex e-con-boxed e-con e-parent\" data-id=\"758141f\" data-element_type=\"container\" data-e-type=\"container\">\n\t\t\t\t\t<div class=\"e-con-inner\">\n\t\t\t\t<div class=\"elementor-element elementor-element-715875d elementor-widget elementor-widget-text-editor\" data-id=\"715875d\" data-element_type=\"widget\" data-e-type=\"widget\" data-widget_type=\"text-editor.default\">\n\t\t\t\t<div class=\"elementor-widget-container\">\n\t\t\t\t\t\t\t\t\t<h1>Impressum<\/h1><p><strong>Viktoria Gaisch<\/strong><\/p><p>Steyrergasse 7\/21<br \/>8010 Graz<br \/>\u00d6sterreich<\/p><p>Telefon: +43 650 6977357<br \/>E-Mail: office@pfotenstark-academy.at<\/p><p>Beh\u00f6rde: Magistrat der Stadt Graz<br \/>Mitglied der Wirtschaftskammer \u00d6sterreich, Fachgruppe Pers\u00f6nliche Dienstleister\u00a0<\/p>\t\t\t\t\t\t\t\t<\/div>\n\t\t\t\t<\/div>\n\t\t\t\t\t<\/div>\n\t\t\t\t<\/div>\n\t\t\t\t<\/div>\n\t\t","protected":false},"excerpt":{"rendered":"<p>Impressum Viktoria Gaisch Steyrergasse 7\/218010 Graz\u00d6sterreich Telefon: +43 650 6977357E-Mail: office@pfotenstark-academy.at Beh\u00f6rde: Magistrat der Stadt GrazMitglied der Wirtschaftskammer \u00d6sterreich, Fachgruppe Pers\u00f6nliche Dienstleister\u00a0<\/p>\n","protected":false},"author":1,"featured_media":0,"parent":0,"menu_order":0,"comment_status":"closed","ping_status":"closed","template":"","meta":{"inspiro_page_layout":"narrow","inspiro_hide_title":false,"footnotes":""},"class_list":["post-10696","page","type-page","status-publish","hentry"],"_links":{"self":[{"href":"https:\/\/www.pfotenstark-academy.at\/index.php?rest_route=\/wp\/v2\/pages\/10696","targetHints":{"allow":["GET"]}}],"collection":[{"href":"https:\/\/www.pfotenstark-academy.at\/index.php?rest_route=\/wp\/v2\/pages"}],"about":[{"href":"https:\/\/www.pfotenstark-academy.at\/index.php?rest_route=\/wp\/v2\/types\/page"}],"author":[{"embeddable":true,"href":"https:\/\/www.pfotenstark-academy.at\/index.php?rest_route=\/wp\/v2\/users\/1"}],"replies":[{"embeddable":true,"href":"https:\/\/www.pfotenstark-academy.at\/index.php?rest_route=%2Fwp%2Fv2%2Fcomments&post=10696"}],"version-history":[{"count":10,"href":"https:\/\/www.pfotenstark-academy.at\/index.php?rest_route=\/wp\/v2\/pages\/10696\/revisions"}],"predecessor-version":[{"id":11647,"href":"https:\/\/www.pfotenstark-academy.at\/index.php?rest_route=\/wp\/v2\/pages\/10696\/revisions\/11647"}],"wp:attachment":[{"href":"https:\/\/www.pfotenstark-academy.at\/index.php?rest_route=%2Fwp%2Fv2%2Fmedia&parent=10696"}],"curies":[{"name":"wp","href":"https:\/\/api.w.org\/{rel}","templated":true}]}}