{"id":10275,"date":"2025-02-18T17:16:48","date_gmt":"2025-02-18T17:16:48","guid":{"rendered":"https:\/\/www.pfotenstark-academy.at\/?page_id=10275"},"modified":"2026-04-14T21:22:31","modified_gmt":"2026-04-14T19:22:31","slug":"projects","status":"publish","type":"page","link":"https:\/\/www.pfotenstark-academy.at\/?page_id=10275","title":{"rendered":"\u00dcber Mich"},"content":{"rendered":"\t\t<div data-elementor-type=\"wp-page\" data-elementor-id=\"10275\" class=\"elementor elementor-10275\">\n\t\t\t\t<div class=\"elementor-element elementor-element-2eab0ffb e-con-full e-flex e-con e-parent\" data-id=\"2eab0ffb\" data-element_type=\"container\" data-e-type=\"container\" data-settings=\"{&quot;background_background&quot;:&quot;classic&quot;}\">\n\t\t<div class=\"elementor-element elementor-element-33f23ec7 e-con-full e-flex e-con e-child\" data-id=\"33f23ec7\" data-element_type=\"container\" data-e-type=\"container\" data-settings=\"{&quot;background_background&quot;:&quot;classic&quot;}\">\n\t\t\t\t<div class=\"elementor-element elementor-element-7c6f47e3 elementor-widget__width-initial elementor-widget-tablet__width-inherit elementor-widget elementor-widget-heading\" data-id=\"7c6f47e3\" data-element_type=\"widget\" data-e-type=\"widget\" data-widget_type=\"heading.default\">\n\t\t\t\t<div class=\"elementor-widget-container\">\n\t\t\t\t\t<h2 class=\"elementor-heading-title elementor-size-default\">Viktoria Gaisch<\/h2>\t\t\t\t<\/div>\n\t\t\t\t<\/div>\n\t\t\t\t<\/div>\n\t\t\t\t<\/div>\n\t\t<div class=\"elementor-element elementor-element-70fbfcef animated-fast e-flex e-con-boxed e-con e-parent\" data-id=\"70fbfcef\" data-element_type=\"container\" data-e-type=\"container\" data-settings=\"{&quot;animation&quot;:&quot;none&quot;,&quot;background_background&quot;:&quot;classic&quot;}\">\n\t\t\t\t\t<div class=\"e-con-inner\">\n\t\t\t\t<div class=\"elementor-element elementor-element-b904e24 elementor-widget__width-initial elementor-widget-tablet__width-inherit elementor-widget elementor-widget-text-editor\" data-id=\"b904e24\" data-element_type=\"widget\" data-e-type=\"widget\" data-widget_type=\"text-editor.default\">\n\t\t\t\t<div class=\"elementor-widget-container\">\n\t\t\t\t\t\t\t\t\t<p>Ich bin Vicky, eine einf\u00fchlsame Tiertrainerin, und arbeite mit positivem, individuell abgestimmtem Training, um die Bindung zwischen dir und deinem Tier nachhaltig zu st\u00e4rken.<\/p><p>Schon seit meiner Kindheit begleiten mich Tiere durchs Leben. Ich durfte mit unterschiedlichen Tierarten aufwachsen, darunter Hunde, Katzen, Kaninchen, M\u00e4use, Wachteln und Fische. Fr\u00fch begann ich mit dem Reiten und konnte im Laufe meiner Jugend auch ein eigenes Pferd als treuen Begleiter an meiner Seite wissen. Heute teilen zwei wundervolle Katzen meinen Alltag. Jedes einzelne dieser Tiere hat mich gepr\u00e4gt, meine Werte geformt und mir gezeigt, wie viel wir von ihnen lernen d\u00fcrfen.<\/p><p>Mein Interesse entwickelte sich zunehmend in Richtung eines respektvollen, fairen Umgangs mit Tieren, artgerechter Haltung und aktivem Tierschutz. Dieser Weg f\u00fchrte mich auch in ehrenamtliche T\u00e4tigkeiten, unter anderem zur Tierrettung sowie als Spazierg\u00e4ngerin f\u00fcr Hunde aus dem Tierheim. Dort konnte ich mein Wissen weiter vertiefen und wertvolle Erfahrungen im Umgang mit Tieren in herausfordernden und teils gef\u00e4hrlichen Situationen sammeln. Ich durfte viele unterschiedliche Pers\u00f6nlichkeiten kennenlernen: von sehr sensiblen und \u00e4ngstlichen Hunden bis hin zu Tieren, die in bestimmten Situationen unerw\u00fcnschtes Verhalten zeigen.<\/p><p>In dieser Zeit wuchs der Wunsch, mein Wissen weiter auszubauen und beruflich in diesem Bereich Fu\u00df zu fassen. Ich machte eine Ausbildung zur Tiertrainerin und absolvierte anschlie\u00dfend ein pr\u00e4gendes Praktikum im AnimalTrainingCenter in Hitzendorf. Dort erhielt ich tiefe Einblicke in die Haltung, Pflege und das Training verschiedenster Tierarten. In der Tierpflege arbeitete ich unter anderem mit Schafen, Ziegen, Lamas, Nutrias, K\u00e4ngurus, H\u00fchnern und Stachelschweinen, aber auch mit Reptilien und Insekten wie Geckos, Riesenfauchschaben und Stabschrecken.<\/p><p>Heute darf ich meine Leidenschaft zum Beruf machen und mein Wissen an Menschen weitergeben, die, so wie ich, Wert auf einen respektvollen, wissenschaftlich fundierten und fairen Umgang mit Tieren legen. Es erf\u00fcllt mich, Mensch und Tier auf ihrem gemeinsamen Weg begleiten zu d\u00fcrfen und sie dabei zu unterst\u00fctzen, ein vertrauensvolles Miteinander aufzubauen.<\/p>\t\t\t\t\t\t\t\t<\/div>\n\t\t\t\t<\/div>\n\t\t<div class=\"elementor-element elementor-element-3d33525 e-grid e-con-full e-con e-child\" data-id=\"3d33525\" data-element_type=\"container\" data-e-type=\"container\">\n\t\t\t\t<div class=\"elementor-element elementor-element-b072a73 elementor-widget elementor-widget-wpzoom-elementor-addons-image-box\" data-id=\"b072a73\" data-element_type=\"widget\" data-e-type=\"widget\" data-widget_type=\"wpzoom-elementor-addons-image-box.default\">\n\t\t\t\t<div class=\"elementor-widget-container\">\n\t\t\t\t\t\t\t<div class=\"wpzoom-elementor-addons-image-box\">\n\t\t\t<h3>\n\t\t\t\t<span class=\"wpzoom-elementor-addons-image-box-link not-linked has-image\" style=\"background-image:url('https:\/\/www.pfotenstark-academy.at\/wp-content\/uploads\/2026\/01\/DSC01577-scaled.jpg');\"><span><\/span><\/span>\t\t\t<\/h3>\n\t\t<\/div><!-- \/\/.wpzoom-elementor-addons-image-box -->\n\t\t\t\t\t\t<\/div>\n\t\t\t\t<\/div>\n\t\t\t\t<div class=\"elementor-element elementor-element-b58b735 elementor-widget elementor-widget-wpzoom-elementor-addons-image-box\" data-id=\"b58b735\" data-element_type=\"widget\" data-e-type=\"widget\" data-widget_type=\"wpzoom-elementor-addons-image-box.default\">\n\t\t\t\t<div class=\"elementor-widget-container\">\n\t\t\t\t\t\t\t<div class=\"wpzoom-elementor-addons-image-box\">\n\t\t\t<h3>\n\t\t\t\t<span class=\"wpzoom-elementor-addons-image-box-link not-linked has-image\" style=\"background-image:url('https:\/\/www.pfotenstark-academy.at\/wp-content\/uploads\/2026\/01\/64718261_2169659526421306_8928002746452279296_o.jpg');\"><span><\/span><\/span>\t\t\t<\/h3>\n\t\t<\/div><!-- \/\/.wpzoom-elementor-addons-image-box -->\n\t\t\t\t\t\t<\/div>\n\t\t\t\t<\/div>\n\t\t\t\t<div class=\"elementor-element elementor-element-246d316 elementor-widget elementor-widget-wpzoom-elementor-addons-image-box\" data-id=\"246d316\" data-element_type=\"widget\" data-e-type=\"widget\" data-widget_type=\"wpzoom-elementor-addons-image-box.default\">\n\t\t\t\t<div class=\"elementor-widget-container\">\n\t\t\t\t\t\t\t<div class=\"wpzoom-elementor-addons-image-box\">\n\t\t\t<h3>\n\t\t\t\t<span class=\"wpzoom-elementor-addons-image-box-link not-linked has-image\" style=\"background-image:url('https:\/\/www.pfotenstark-academy.at\/wp-content\/uploads\/2026\/01\/DSC_9858-scaled.jpg');\"><span><\/span><\/span>\t\t\t<\/h3>\n\t\t<\/div><!-- \/\/.wpzoom-elementor-addons-image-box -->\n\t\t\t\t\t\t<\/div>\n\t\t\t\t<\/div>\n\t\t\t\t<div class=\"elementor-element elementor-element-e732086 elementor-widget elementor-widget-wpzoom-elementor-addons-image-box\" data-id=\"e732086\" data-element_type=\"widget\" data-e-type=\"widget\" data-widget_type=\"wpzoom-elementor-addons-image-box.default\">\n\t\t\t\t<div class=\"elementor-widget-container\">\n\t\t\t\t\t\t\t<div class=\"wpzoom-elementor-addons-image-box\">\n\t\t\t<h3>\n\t\t\t\t<span class=\"wpzoom-elementor-addons-image-box-link not-linked has-image\" style=\"background-image:url('https:\/\/www.pfotenstark-academy.at\/wp-content\/uploads\/2026\/01\/DSC01252-scaled.jpg');\"><span><\/span><\/span>\t\t\t<\/h3>\n\t\t<\/div><!-- \/\/.wpzoom-elementor-addons-image-box -->\n\t\t\t\t\t\t<\/div>\n\t\t\t\t<\/div>\n\t\t\t\t<\/div>\n\t\t\t\t\t<\/div>\n\t\t\t\t<\/div>\n\t\t<div class=\"elementor-element elementor-element-56fcc6ce animated-fast e-flex e-con-boxed e-con e-parent\" data-id=\"56fcc6ce\" data-element_type=\"container\" data-e-type=\"container\" data-settings=\"{&quot;animation&quot;:&quot;none&quot;,&quot;background_background&quot;:&quot;gradient&quot;}\">\n\t\t\t\t\t<div class=\"e-con-inner\">\n\t\t<div class=\"elementor-element elementor-element-4ee6ee4f e-con-full e-flex e-con e-child\" data-id=\"4ee6ee4f\" data-element_type=\"container\" data-e-type=\"container\">\n\t\t\t\t<div class=\"elementor-element elementor-element-4c2a8b52 elementor-widget elementor-widget-spacer\" data-id=\"4c2a8b52\" data-element_type=\"widget\" data-e-type=\"widget\" data-widget_type=\"spacer.default\">\n\t\t\t\t<div class=\"elementor-widget-container\">\n\t\t\t\t\t\t\t<div class=\"elementor-spacer\">\n\t\t\t<div class=\"elementor-spacer-inner\"><\/div>\n\t\t<\/div>\n\t\t\t\t\t\t<\/div>\n\t\t\t\t<\/div>\n\t\t\t\t<div class=\"elementor-element elementor-element-1dad8c27 elementor-widget__width-initial elementor-hidden-mobile elementor-widget elementor-widget-heading\" data-id=\"1dad8c27\" data-element_type=\"widget\" data-e-type=\"widget\" data-widget_type=\"heading.default\">\n\t\t\t\t<div class=\"elementor-widget-container\">\n\t\t\t\t\t<h2 class=\"elementor-heading-title elementor-size-default\">Ausbildungen &amp; Kurse<\/h2>\t\t\t\t<\/div>\n\t\t\t\t<\/div>\n\t\t\t\t<div class=\"elementor-element elementor-element-9c6c1f5 elementor-widget__width-initial elementor-widget-tablet__width-inherit elementor-hidden-mobile elementor-widget elementor-widget-text-editor\" data-id=\"9c6c1f5\" data-element_type=\"widget\" data-e-type=\"widget\" data-widget_type=\"text-editor.default\">\n\t\t\t\t<div class=\"elementor-widget-container\">\n\t\t\t\t\t\t\t\t\t<ul>\n<li>Tiertrainerin &#8211; Akademie f\u00fcr angewandte Tierpsychologie&nbsp; &nbsp; &nbsp; &nbsp; &nbsp; und Tierverhaltenstraining<\/li>\n<li>Hundetrainerin &#8211; DogTraining (laufend)<\/li>\n<li>Spezialistin f\u00fcr \u00e4ngstliche Hunde &#8211; Canipedia (laufend)<\/li>\n<li>Pferdesanit\u00e4terin &#8211; \u00d6sterreichischer Pferdesportverband<\/li>\n<li>Dressurlizenz RD1 &#8211; \u00d6sterreichischer Pferdesportverband<\/li>\n<li>Imkerei Grundausbildung &#8211; Steirischer Landesverband f\u00fcr&nbsp; &nbsp; &nbsp; &nbsp; &nbsp;Bienenzucht<\/li>\n<li>Erste Hilfe f\u00fcr das Tier mit Dr. vet. med. Nicole Strampfer<\/li>\n<li>Tierhaltung &amp; Tierschutz I &amp; II&nbsp;<\/li>\n<li>Und viele mehr<\/li>\n<\/ul>\t\t\t\t\t\t\t\t<\/div>\n\t\t\t\t<\/div>\n\t\t\t\t<\/div>\n\t\t<div class=\"elementor-element elementor-element-47076762 e-con-full e-flex e-con e-child\" data-id=\"47076762\" data-element_type=\"container\" data-e-type=\"container\">\n\t\t\t\t<div class=\"elementor-element elementor-element-f666c70 elementor-hidden-mobile elementor-widget elementor-widget-image\" data-id=\"f666c70\" data-element_type=\"widget\" data-e-type=\"widget\" data-widget_type=\"image.default\">\n\t\t\t\t<div class=\"elementor-widget-container\">\n\t\t\t\t\t\t\t\t\t\t\t\t\t\t\t<img fetchpriority=\"high\" decoding=\"async\" width=\"1574\" height=\"2500\" src=\"https:\/\/www.pfotenstark-academy.at\/wp-content\/uploads\/2026\/01\/IMG_9830-1-scaled-e1768733195467.jpg\" class=\"attachment-full size-full wp-image-10867\" alt=\"\" srcset=\"https:\/\/www.pfotenstark-academy.at\/wp-content\/uploads\/2026\/01\/IMG_9830-1-scaled-e1768733195467.jpg 1574w, https:\/\/www.pfotenstark-academy.at\/wp-content\/uploads\/2026\/01\/IMG_9830-1-scaled-e1768733195467-189x300.jpg 189w, https:\/\/www.pfotenstark-academy.at\/wp-content\/uploads\/2026\/01\/IMG_9830-1-scaled-e1768733195467-645x1024.jpg 645w, https:\/\/www.pfotenstark-academy.at\/wp-content\/uploads\/2026\/01\/IMG_9830-1-scaled-e1768733195467-768x1220.jpg 768w, https:\/\/www.pfotenstark-academy.at\/wp-content\/uploads\/2026\/01\/IMG_9830-1-scaled-e1768733195467-967x1536.jpg 967w, https:\/\/www.pfotenstark-academy.at\/wp-content\/uploads\/2026\/01\/IMG_9830-1-scaled-e1768733195467-1289x2048.jpg 1289w, https:\/\/www.pfotenstark-academy.at\/wp-content\/uploads\/2026\/01\/IMG_9830-1-scaled-e1768733195467-1000x1588.jpg 1000w, https:\/\/www.pfotenstark-academy.at\/wp-content\/uploads\/2026\/01\/IMG_9830-1-scaled-e1768733195467-353x560.jpg 353w, https:\/\/www.pfotenstark-academy.at\/wp-content\/uploads\/2026\/01\/IMG_9830-1-scaled-e1768733195467-600x953.jpg 600w\" sizes=\"(max-width: 1574px) 100vw, 1574px\" \/>\t\t\t\t\t\t\t\t\t\t\t\t\t\t\t<\/div>\n\t\t\t\t<\/div>\n\t\t\t\t<\/div>\n\t\t\t\t\t<\/div>\n\t\t\t\t<\/div>\n\t\t\t\t<\/div>\n\t\t","protected":false},"excerpt":{"rendered":"<p>Viktoria Gaisch Ich bin Vicky, eine einf\u00fchlsame Tiertrainerin, und arbeite mit positivem, individuell abgestimmtem Training, um die Bindung zwischen dir und deinem Tier nachhaltig zu st\u00e4rken. Schon seit meiner Kindheit begleiten mich Tiere durchs Leben. Ich durfte mit unterschiedlichen Tierarten aufwachsen, darunter Hunde, Katzen, Kaninchen, M\u00e4use, Wachteln und Fische. Fr\u00fch [&hellip;]<\/p>\n","protected":false},"author":1,"featured_media":0,"parent":0,"menu_order":0,"comment_status":"closed","ping_status":"closed","template":"page-templates\/full-width-no-title.php","meta":{"inspiro_page_layout":"narrow","inspiro_hide_title":false,"footnotes":""},"class_list":["post-10275","page","type-page","status-publish","hentry"],"_links":{"self":[{"href":"https:\/\/www.pfotenstark-academy.at\/index.php?rest_route=\/wp\/v2\/pages\/10275","targetHints":{"allow":["GET"]}}],"collection":[{"href":"https:\/\/www.pfotenstark-academy.at\/index.php?rest_route=\/wp\/v2\/pages"}],"about":[{"href":"https:\/\/www.pfotenstark-academy.at\/index.php?rest_route=\/wp\/v2\/types\/page"}],"author":[{"embeddable":true,"href":"https:\/\/www.pfotenstark-academy.at\/index.php?rest_route=\/wp\/v2\/users\/1"}],"replies":[{"embeddable":true,"href":"https:\/\/www.pfotenstark-academy.at\/index.php?rest_route=%2Fwp%2Fv2%2Fcomments&post=10275"}],"version-history":[{"count":114,"href":"https:\/\/www.pfotenstark-academy.at\/index.php?rest_route=\/wp\/v2\/pages\/10275\/revisions"}],"predecessor-version":[{"id":11733,"href":"https:\/\/www.pfotenstark-academy.at\/index.php?rest_route=\/wp\/v2\/pages\/10275\/revisions\/11733"}],"wp:attachment":[{"href":"https:\/\/www.pfotenstark-academy.at\/index.php?rest_route=%2Fwp%2Fv2%2Fmedia&parent=10275"}],"curies":[{"name":"wp","href":"https:\/\/api.w.org\/{rel}","templated":true}]}}